{"id":39,"date":"2024-11-25T16:44:21","date_gmt":"2024-11-25T15:44:21","guid":{"rendered":"http:\/\/localhost\/wordpress%20-%20jumelage\/?page_id=39"},"modified":"2025-01-16T08:55:13","modified_gmt":"2025-01-16T07:55:13","slug":"site-du-comite-de-jumelage-aulnoye-aymeries-quedlinburg","status":"publish","type":"page","link":"https:\/\/jumelage-aulnoyeaymeries-quedlinburg.com\/","title":{"rendered":"Accueil"},"content":{"rendered":"\t\t<div data-elementor-type=\"wp-page\" data-elementor-id=\"39\" class=\"elementor elementor-39\">\n\t\t\t\t<div class=\"elementor-element elementor-element-26c5297 e-con-full e-flex e-con e-parent\" data-id=\"26c5297\" data-element_type=\"container\" data-e-type=\"container\">\n\t\t\t\t<div class=\"elementor-element elementor-element-ecc5707 elementor-widget elementor-widget-heading\" data-id=\"ecc5707\" data-element_type=\"widget\" data-e-type=\"widget\" data-widget_type=\"heading.default\">\n\t\t\t\t<div class=\"elementor-widget-container\">\n\t\t\t\t\t<h1 class=\"elementor-heading-title elementor-size-default\">Bienvenue sur le site du Comit\u00e9 de Jumelage Aulnoye-Aymeries Quedlinburg\n\n\n<\/h1>\t\t\t\t<\/div>\n\t\t\t\t<\/div>\n\t\t\t\t<\/div>\n\t\t<div class=\"elementor-element elementor-element-e514ff8 e-con-full e-flex e-con e-parent\" data-id=\"e514ff8\" data-element_type=\"container\" data-e-type=\"container\" data-settings=\"{&quot;background_background&quot;:&quot;video&quot;}\">\n\t\t\t\t<div class=\"elementor-element elementor-element-51c3fd7 elementor-widget elementor-widget-video\" data-id=\"51c3fd7\" data-element_type=\"widget\" data-e-type=\"widget\" data-settings=\"{&quot;video_type&quot;:&quot;hosted&quot;,&quot;autoplay&quot;:&quot;yes&quot;,&quot;loop&quot;:&quot;yes&quot;,&quot;play_on_mobile&quot;:&quot;yes&quot;,&quot;mute&quot;:&quot;yes&quot;,&quot;controls&quot;:&quot;yes&quot;}\" data-widget_type=\"video.default\">\n\t\t\t\t<div class=\"elementor-widget-container\">\n\t\t\t\t\t\t\t<div class=\"e-hosted-video elementor-wrapper elementor-open-inline\">\n\t\t\t\t\t<video class=\"elementor-video\" src=\"https:\/\/jumelage-aulnoyeaymeries-quedlinburg.com\/wp-content\/uploads\/2025\/01\/jumelage.mp4\" autoplay=\"\" loop=\"\" controls=\"\" muted=\"muted\" playsinline=\"\"><\/video>\n\t\t\t\t<\/div>\n\t\t\t\t\t\t<\/div>\n\t\t\t\t<\/div>\n\t\t\t\t<\/div>\n\t\t\t\t<\/div>\n\t\t","protected":false},"excerpt":{"rendered":"<p>Bienvenue sur le site du Comit\u00e9 de Jumelage Aulnoye-Aymeries Quedlinburg https:\/\/jumelage-aulnoyeaymeries-quedlinburg.com\/wp-content\/uploads\/2025\/01\/jumelage.mp4<\/p>\n","protected":false},"author":1,"featured_media":0,"parent":0,"menu_order":0,"comment_status":"closed","ping_status":"closed","template":"","meta":{"ocean_post_layout":"","ocean_both_sidebars_style":"","ocean_both_sidebars_content_width":0,"ocean_both_sidebars_sidebars_width":0,"ocean_sidebar":"","ocean_second_sidebar":"","ocean_disable_margins":"enable","ocean_add_body_class":"","ocean_shortcode_before_top_bar":"","ocean_shortcode_after_top_bar":"","ocean_shortcode_before_header":"","ocean_shortcode_after_header":"","ocean_has_shortcode":"","ocean_shortcode_after_title":"","ocean_shortcode_before_footer_widgets":"","ocean_shortcode_after_footer_widgets":"","ocean_shortcode_before_footer_bottom":"","ocean_shortcode_after_footer_bottom":"","ocean_display_top_bar":"default","ocean_display_header":"default","ocean_header_style":"","ocean_center_header_left_menu":"","ocean_custom_header_template":"","ocean_custom_logo":0,"ocean_custom_retina_logo":0,"ocean_custom_logo_max_width":0,"ocean_custom_logo_tablet_max_width":0,"ocean_custom_logo_mobile_max_width":0,"ocean_custom_logo_max_height":0,"ocean_custom_logo_tablet_max_height":0,"ocean_custom_logo_mobile_max_height":0,"ocean_header_custom_menu":"","ocean_menu_typo_font_family":"","ocean_menu_typo_font_subset":"","ocean_menu_typo_font_size":0,"ocean_menu_typo_font_size_tablet":0,"ocean_menu_typo_font_size_mobile":0,"ocean_menu_typo_font_size_unit":"px","ocean_menu_typo_font_weight":"","ocean_menu_typo_font_weight_tablet":"","ocean_menu_typo_font_weight_mobile":"","ocean_menu_typo_transform":"","ocean_menu_typo_transform_tablet":"","ocean_menu_typo_transform_mobile":"","ocean_menu_typo_line_height":0,"ocean_menu_typo_line_height_tablet":0,"ocean_menu_typo_line_height_mobile":0,"ocean_menu_typo_line_height_unit":"","ocean_menu_typo_spacing":0,"ocean_menu_typo_spacing_tablet":0,"ocean_menu_typo_spacing_mobile":0,"ocean_menu_typo_spacing_unit":"","ocean_menu_link_color":"","ocean_menu_link_color_hover":"","ocean_menu_link_color_active":"","ocean_menu_link_background":"","ocean_menu_link_hover_background":"","ocean_menu_link_active_background":"","ocean_menu_social_links_bg":"","ocean_menu_social_hover_links_bg":"","ocean_menu_social_links_color":"","ocean_menu_social_hover_links_color":"","ocean_disable_title":"default","ocean_disable_heading":"default","ocean_post_title":"","ocean_post_subheading":"","ocean_post_title_style":"","ocean_post_title_background_color":"","ocean_post_title_background":0,"ocean_post_title_bg_image_position":"","ocean_post_title_bg_image_attachment":"","ocean_post_title_bg_image_repeat":"","ocean_post_title_bg_image_size":"","ocean_post_title_height":0,"ocean_post_title_bg_overlay":0.5,"ocean_post_title_bg_overlay_color":"","ocean_disable_breadcrumbs":"default","ocean_breadcrumbs_color":"","ocean_breadcrumbs_separator_color":"","ocean_breadcrumbs_links_color":"","ocean_breadcrumbs_links_hover_color":"","ocean_display_footer_widgets":"default","ocean_display_footer_bottom":"default","ocean_custom_footer_template":"","footnotes":""},"class_list":["post-39","page","type-page","status-publish","hentry","entry"],"yoast_head":"<!-- This site is optimized with the Yoast SEO plugin v27.5 - https:\/\/yoast.com\/product\/yoast-seo-wordpress\/ -->\n<title>Accueil - Comit\u00e9 de Jumelage Aulnoye-Aymeries Quedlinburg<\/title>\n<meta name=\"description\" content=\"Association des \u00e9changes internationaux site du comit\u00e9 de jumelage entre les villes d&#039;Aulnoye-Aymeries (France) et de Quedlinburg (Allemagne). Notre objectif : permettre aux habitants des villes jumelles de se rencontrer et de partager des \u00e9changes socio-culturels.\" \/>\n<meta name=\"robots\" content=\"index, follow, max-snippet:-1, max-image-preview:large, max-video-preview:-1\" \/>\n<link rel=\"canonical\" href=\"https:\/\/jumelage-aulnoyeaymeries-quedlinburg.com\/\" \/>\n<meta property=\"og:locale\" content=\"fr_FR\" \/>\n<meta property=\"og:type\" content=\"article\" \/>\n<meta property=\"og:title\" content=\"Accueil - Comit\u00e9 de Jumelage Aulnoye-Aymeries Quedlinburg\" \/>\n<meta property=\"og:description\" content=\"Association des \u00e9changes internationaux site du comit\u00e9 de jumelage entre les villes d&#039;Aulnoye-Aymeries (France) et de Quedlinburg (Allemagne). Notre objectif : permettre aux habitants des villes jumelles de se rencontrer et de partager des \u00e9changes socio-culturels.\" \/>\n<meta property=\"og:url\" content=\"https:\/\/jumelage-aulnoyeaymeries-quedlinburg.com\/\" \/>\n<meta property=\"og:site_name\" content=\"Comit\u00e9 de Jumelage Aulnoye-Aymeries Quedlinburg\" \/>\n<meta property=\"article:modified_time\" content=\"2025-01-16T07:55:13+00:00\" \/>\n<meta name=\"twitter:card\" content=\"summary_large_image\" \/>\n<meta name=\"twitter:label1\" content=\"Dur\u00e9e de lecture estim\u00e9e\" \/>\n\t<meta name=\"twitter:data1\" content=\"1 minute\" \/>\n<script type=\"application\/ld+json\" class=\"yoast-schema-graph\">{\"@context\":\"https:\\\/\\\/schema.org\",\"@graph\":[{\"@type\":\"WebPage\",\"@id\":\"https:\\\/\\\/jumelage-aulnoyeaymeries-quedlinburg.com\\\/\",\"url\":\"https:\\\/\\\/jumelage-aulnoyeaymeries-quedlinburg.com\\\/\",\"name\":\"Accueil - Comit\u00e9 de Jumelage Aulnoye-Aymeries Quedlinburg\",\"isPartOf\":{\"@id\":\"https:\\\/\\\/jumelage-aulnoyeaymeries-quedlinburg.com\\\/#website\"},\"datePublished\":\"2024-11-25T15:44:21+00:00\",\"dateModified\":\"2025-01-16T07:55:13+00:00\",\"description\":\"Association des \u00e9changes internationaux site du comit\u00e9 de jumelage entre les villes d'Aulnoye-Aymeries (France) et de Quedlinburg (Allemagne). Notre objectif : permettre aux habitants des villes jumelles de se rencontrer et de partager des \u00e9changes socio-culturels.\",\"breadcrumb\":{\"@id\":\"https:\\\/\\\/jumelage-aulnoyeaymeries-quedlinburg.com\\\/#breadcrumb\"},\"inLanguage\":\"fr-FR\",\"potentialAction\":[{\"@type\":\"ReadAction\",\"target\":[\"https:\\\/\\\/jumelage-aulnoyeaymeries-quedlinburg.com\\\/\"]}]},{\"@type\":\"BreadcrumbList\",\"@id\":\"https:\\\/\\\/jumelage-aulnoyeaymeries-quedlinburg.com\\\/#breadcrumb\",\"itemListElement\":[{\"@type\":\"ListItem\",\"position\":1,\"name\":\"Accueil\",\"item\":\"https:\\\/\\\/jumelage-aulnoyeaymeries-quedlinburg.com\\\/\"},{\"@type\":\"ListItem\",\"position\":2,\"name\":\"Accueil\"}]},{\"@type\":\"WebSite\",\"@id\":\"https:\\\/\\\/jumelage-aulnoyeaymeries-quedlinburg.com\\\/#website\",\"url\":\"https:\\\/\\\/jumelage-aulnoyeaymeries-quedlinburg.com\\\/\",\"name\":\"Comit\u00e9 de Jumelage Aulnoye-Aymeries Quedlinburg\",\"description\":\"\",\"publisher\":{\"@id\":\"https:\\\/\\\/jumelage-aulnoyeaymeries-quedlinburg.com\\\/#organization\"},\"potentialAction\":[{\"@type\":\"SearchAction\",\"target\":{\"@type\":\"EntryPoint\",\"urlTemplate\":\"https:\\\/\\\/jumelage-aulnoyeaymeries-quedlinburg.com\\\/?s={search_term_string}\"},\"query-input\":{\"@type\":\"PropertyValueSpecification\",\"valueRequired\":true,\"valueName\":\"search_term_string\"}}],\"inLanguage\":\"fr-FR\"},{\"@type\":\"Organization\",\"@id\":\"https:\\\/\\\/jumelage-aulnoyeaymeries-quedlinburg.com\\\/#organization\",\"name\":\"Comit\u00e9 de Jumelage Aulnoye-Aymeries Quedlinburg\",\"url\":\"https:\\\/\\\/jumelage-aulnoyeaymeries-quedlinburg.com\\\/\",\"logo\":{\"@type\":\"ImageObject\",\"inLanguage\":\"fr-FR\",\"@id\":\"https:\\\/\\\/jumelage-aulnoyeaymeries-quedlinburg.com\\\/#\\\/schema\\\/logo\\\/image\\\/\",\"url\":\"https:\\\/\\\/jumelage-aulnoyeaymeries-quedlinburg.com\\\/wp-content\\\/uploads\\\/2025\\\/01\\\/favicon-196.png\",\"contentUrl\":\"https:\\\/\\\/jumelage-aulnoyeaymeries-quedlinburg.com\\\/wp-content\\\/uploads\\\/2025\\\/01\\\/favicon-196.png\",\"width\":196,\"height\":196,\"caption\":\"Comit\u00e9 de Jumelage Aulnoye-Aymeries Quedlinburg\"},\"image\":{\"@id\":\"https:\\\/\\\/jumelage-aulnoyeaymeries-quedlinburg.com\\\/#\\\/schema\\\/logo\\\/image\\\/\"}}]}<\/script>\n<!-- \/ Yoast SEO plugin. -->","yoast_head_json":{"title":"Accueil - Comit\u00e9 de Jumelage Aulnoye-Aymeries Quedlinburg","description":"Association des \u00e9changes internationaux site du comit\u00e9 de jumelage entre les villes d'Aulnoye-Aymeries (France) et de Quedlinburg (Allemagne). Notre objectif : permettre aux habitants des villes jumelles de se rencontrer et de partager des \u00e9changes socio-culturels.","robots":{"index":"index","follow":"follow","max-snippet":"max-snippet:-1","max-image-preview":"max-image-preview:large","max-video-preview":"max-video-preview:-1"},"canonical":"https:\/\/jumelage-aulnoyeaymeries-quedlinburg.com\/","og_locale":"fr_FR","og_type":"article","og_title":"Accueil - Comit\u00e9 de Jumelage Aulnoye-Aymeries Quedlinburg","og_description":"Association des \u00e9changes internationaux site du comit\u00e9 de jumelage entre les villes d'Aulnoye-Aymeries (France) et de Quedlinburg (Allemagne). Notre objectif : permettre aux habitants des villes jumelles de se rencontrer et de partager des \u00e9changes socio-culturels.","og_url":"https:\/\/jumelage-aulnoyeaymeries-quedlinburg.com\/","og_site_name":"Comit\u00e9 de Jumelage Aulnoye-Aymeries Quedlinburg","article_modified_time":"2025-01-16T07:55:13+00:00","twitter_card":"summary_large_image","twitter_misc":{"Dur\u00e9e de lecture estim\u00e9e":"1 minute"},"schema":{"@context":"https:\/\/schema.org","@graph":[{"@type":"WebPage","@id":"https:\/\/jumelage-aulnoyeaymeries-quedlinburg.com\/","url":"https:\/\/jumelage-aulnoyeaymeries-quedlinburg.com\/","name":"Accueil - Comit\u00e9 de Jumelage Aulnoye-Aymeries Quedlinburg","isPartOf":{"@id":"https:\/\/jumelage-aulnoyeaymeries-quedlinburg.com\/#website"},"datePublished":"2024-11-25T15:44:21+00:00","dateModified":"2025-01-16T07:55:13+00:00","description":"Association des \u00e9changes internationaux site du comit\u00e9 de jumelage entre les villes d'Aulnoye-Aymeries (France) et de Quedlinburg (Allemagne). Notre objectif : permettre aux habitants des villes jumelles de se rencontrer et de partager des \u00e9changes socio-culturels.","breadcrumb":{"@id":"https:\/\/jumelage-aulnoyeaymeries-quedlinburg.com\/#breadcrumb"},"inLanguage":"fr-FR","potentialAction":[{"@type":"ReadAction","target":["https:\/\/jumelage-aulnoyeaymeries-quedlinburg.com\/"]}]},{"@type":"BreadcrumbList","@id":"https:\/\/jumelage-aulnoyeaymeries-quedlinburg.com\/#breadcrumb","itemListElement":[{"@type":"ListItem","position":1,"name":"Accueil","item":"https:\/\/jumelage-aulnoyeaymeries-quedlinburg.com\/"},{"@type":"ListItem","position":2,"name":"Accueil"}]},{"@type":"WebSite","@id":"https:\/\/jumelage-aulnoyeaymeries-quedlinburg.com\/#website","url":"https:\/\/jumelage-aulnoyeaymeries-quedlinburg.com\/","name":"Comit\u00e9 de Jumelage Aulnoye-Aymeries Quedlinburg","description":"","publisher":{"@id":"https:\/\/jumelage-aulnoyeaymeries-quedlinburg.com\/#organization"},"potentialAction":[{"@type":"SearchAction","target":{"@type":"EntryPoint","urlTemplate":"https:\/\/jumelage-aulnoyeaymeries-quedlinburg.com\/?s={search_term_string}"},"query-input":{"@type":"PropertyValueSpecification","valueRequired":true,"valueName":"search_term_string"}}],"inLanguage":"fr-FR"},{"@type":"Organization","@id":"https:\/\/jumelage-aulnoyeaymeries-quedlinburg.com\/#organization","name":"Comit\u00e9 de Jumelage Aulnoye-Aymeries Quedlinburg","url":"https:\/\/jumelage-aulnoyeaymeries-quedlinburg.com\/","logo":{"@type":"ImageObject","inLanguage":"fr-FR","@id":"https:\/\/jumelage-aulnoyeaymeries-quedlinburg.com\/#\/schema\/logo\/image\/","url":"https:\/\/jumelage-aulnoyeaymeries-quedlinburg.com\/wp-content\/uploads\/2025\/01\/favicon-196.png","contentUrl":"https:\/\/jumelage-aulnoyeaymeries-quedlinburg.com\/wp-content\/uploads\/2025\/01\/favicon-196.png","width":196,"height":196,"caption":"Comit\u00e9 de Jumelage Aulnoye-Aymeries Quedlinburg"},"image":{"@id":"https:\/\/jumelage-aulnoyeaymeries-quedlinburg.com\/#\/schema\/logo\/image\/"}}]}},"_links":{"self":[{"href":"https:\/\/jumelage-aulnoyeaymeries-quedlinburg.com\/index.php?rest_route=\/wp\/v2\/pages\/39","targetHints":{"allow":["GET"]}}],"collection":[{"href":"https:\/\/jumelage-aulnoyeaymeries-quedlinburg.com\/index.php?rest_route=\/wp\/v2\/pages"}],"about":[{"href":"https:\/\/jumelage-aulnoyeaymeries-quedlinburg.com\/index.php?rest_route=\/wp\/v2\/types\/page"}],"author":[{"embeddable":true,"href":"https:\/\/jumelage-aulnoyeaymeries-quedlinburg.com\/index.php?rest_route=\/wp\/v2\/users\/1"}],"replies":[{"embeddable":true,"href":"https:\/\/jumelage-aulnoyeaymeries-quedlinburg.com\/index.php?rest_route=%2Fwp%2Fv2%2Fcomments&post=39"}],"version-history":[{"count":64,"href":"https:\/\/jumelage-aulnoyeaymeries-quedlinburg.com\/index.php?rest_route=\/wp\/v2\/pages\/39\/revisions"}],"predecessor-version":[{"id":824,"href":"https:\/\/jumelage-aulnoyeaymeries-quedlinburg.com\/index.php?rest_route=\/wp\/v2\/pages\/39\/revisions\/824"}],"wp:attachment":[{"href":"https:\/\/jumelage-aulnoyeaymeries-quedlinburg.com\/index.php?rest_route=%2Fwp%2Fv2%2Fmedia&parent=39"}],"curies":[{"name":"wp","href":"https:\/\/api.w.org\/{rel}","templated":true}]}}