{"id":41,"date":"2024-11-25T16:45:08","date_gmt":"2024-11-25T15:45:08","guid":{"rendered":"http:\/\/localhost\/wordpress%20-%20jumelage\/?page_id=41"},"modified":"2025-01-20T09:39:29","modified_gmt":"2025-01-20T08:39:29","slug":"historique-2","status":"publish","type":"page","link":"https:\/\/jumelage-aulnoyeaymeries-quedlinburg.com\/?page_id=41","title":{"rendered":"Nous d\u00e9couvrir"},"content":{"rendered":"\t\t<div data-elementor-type=\"wp-page\" data-elementor-id=\"41\" class=\"elementor elementor-41\">\n\t\t\t\t<div class=\"elementor-element elementor-element-e57e689 e-con-full e-flex e-con e-parent\" data-id=\"e57e689\" data-element_type=\"container\" data-e-type=\"container\">\n\t\t\t\t<div class=\"elementor-element elementor-element-f084aa5 elementor-widget elementor-widget-heading\" data-id=\"f084aa5\" data-element_type=\"widget\" data-e-type=\"widget\" data-widget_type=\"heading.default\">\n\t\t\t\t<div class=\"elementor-widget-container\">\n\t\t\t\t\t<h1 class=\"elementor-heading-title elementor-size-default\">AULNOYE-AYMERIES  - QUEDLINBURG\n<\/h1>\t\t\t\t<\/div>\n\t\t\t\t<\/div>\n\t\t\t\t<\/div>\n\t\t<div class=\"elementor-element elementor-element-cfdf05d e-flex e-con-boxed e-con e-parent\" data-id=\"cfdf05d\" data-element_type=\"container\" data-e-type=\"container\">\n\t\t\t\t\t<div class=\"e-con-inner\">\n\t\t\t\t<div class=\"elementor-element elementor-element-5db5938 elementor-widget__width-inherit elementor-widget elementor-widget-heading\" data-id=\"5db5938\" data-element_type=\"widget\" data-e-type=\"widget\" data-widget_type=\"heading.default\">\n\t\t\t\t<div class=\"elementor-widget-container\">\n\t\t\t\t\t<h1 class=\"elementor-heading-title elementor-size-default\">Une histoire d'amiti\u00e9 ...<\/h1>\t\t\t\t<\/div>\n\t\t\t\t<\/div>\n\t\t\t\t<div class=\"elementor-element elementor-element-3e17935 elementor-widget elementor-widget-text-editor\" data-id=\"3e17935\" data-element_type=\"widget\" data-e-type=\"widget\" data-widget_type=\"text-editor.default\">\n\t\t\t\t<div class=\"elementor-widget-container\">\n\t\t\t\t\t\t\t\t\t<p>A l\u2019initiative de Pierre Briatte, 1er adjoint au Maire, une d\u00e9l\u00e9gation officielle compos\u00e9e de Alida Ringuet, Emile Nicolas, Marc Joly, Eliva Dam\u00e9e et Robert Chevalier se rend \u00e0 Quedlinburg en 1961 pour signer un accord de jumelage entre les deux villes. Lors de la d\u00e9lib\u00e9ration du 24 avril 1961 le conseil municipal apr\u00e8s avoir \u00e9cout\u00e9 l\u2019expos\u00e9 de Pierre Briatte, 1er adjoint, d\u00e9cida d\u2019envoyer une d\u00e9l\u00e9gation de 5 conseillers municipaux, en mai 1961, en r\u00e9ponse \u00e0 l\u2019invitation du maire de Quedlinburg. Lors de ce s\u00e9jour un accord de coop\u00e9ration et de jumelage fut sign\u00e9.<\/p><p>La chute du mur de Berlin le 9 novembre 1989<span style=\"font-size: 14px; color: var( --e-global-color-text ); text-align: var(--text-align);\">\u00a0et\u00a0 la r\u00e9unification de la RFA et de la RDA en 1990 n&rsquo;ont aucune incidence sur les relations entre les deux villes. Une confirmation des accords de partenariat est m\u00eame sign\u00e9e en 1991.\u00a0<\/span><span style=\"color: var( --e-global-color-text ); font-size: 14px; text-align: var(--text-align);\">Le jumelage devient nettement plus dynamique et surtout plus \u00e9quilibr\u00e9. Qu&rsquo;il semble loin cet accord de jumelage sign\u00e9 par la ville avec une ville de l&rsquo;Allemagne de l&rsquo;Est !<\/span><\/p><p><span style=\"color: var( --e-global-color-text ); font-size: 14px; text-align: var(--text-align);\">Aujourd&rsquo;hui, on ne compte plus les \u00e9changes officiels et priv\u00e9s entre les habitants des deux villes.<\/span><\/p>\t\t\t\t\t\t\t\t<\/div>\n\t\t\t\t<\/div>\n\t\t\t\t<div class=\"elementor-element elementor-element-36c10ce elementor-widget__width-inherit elementor-widget elementor-widget-heading\" data-id=\"36c10ce\" data-element_type=\"widget\" data-e-type=\"widget\" data-widget_type=\"heading.default\">\n\t\t\t\t<div class=\"elementor-widget-container\">\n\t\t\t\t\t<h2 class=\"elementor-heading-title elementor-size-default\">Objectifs du jumelage\n<\/h2>\t\t\t\t<\/div>\n\t\t\t\t<\/div>\n\t\t\t\t<div class=\"elementor-element elementor-element-60f34f0 elementor-widget elementor-widget-text-editor\" data-id=\"60f34f0\" data-element_type=\"widget\" data-e-type=\"widget\" data-widget_type=\"text-editor.default\">\n\t\t\t\t<div class=\"elementor-widget-container\">\n\t\t\t\t\t\t\t\t\t<p>Permettre aux habitants des villes jumelles de se rencontrer et de participer \u00e0 des manifestations communes. Le comit\u00e9 de Jumelage apporte une aide financi\u00e8re et logistique \u00e0 la mise en place d&rsquo;un partenariat entre les associations et les clubs sportifs des deux villes.<\/p>\t\t\t\t\t\t\t\t<\/div>\n\t\t\t\t<\/div>\n\t\t\t\t<div class=\"elementor-element elementor-element-f173458 elementor-widget__width-inherit elementor-widget elementor-widget-heading\" data-id=\"f173458\" data-element_type=\"widget\" data-e-type=\"widget\" data-widget_type=\"heading.default\">\n\t\t\t\t<div class=\"elementor-widget-container\">\n\t\t\t\t\t<h2 class=\"elementor-heading-title elementor-size-default\">Rejoignez-nous !\n<\/h2>\t\t\t\t<\/div>\n\t\t\t\t<\/div>\n\t\t\t\t<div class=\"elementor-element elementor-element-7b61fe9 elementor-widget elementor-widget-text-editor\" data-id=\"7b61fe9\" data-element_type=\"widget\" data-e-type=\"widget\" data-widget_type=\"text-editor.default\">\n\t\t\t\t<div class=\"elementor-widget-container\">\n\t\t\t\t\t\t\t\t\t<p>L&rsquo;association est forte de plus de 60 membres dont plus de la moiti\u00e9 sont des b\u00e9n\u00e9voles actifs.<\/p><p>Pour \u00eatre membre il faut acquitter un droit d\u2019adh\u00e9sion de 5\u20ac par an. Si vous souhaitez nous rejoindre pour participer \u00e0 nos activit\u00e9s: r\u00e9ceptions de nos amis allemands, s\u00e9jours \u00e0 Quedlinburg, organisation des s\u00e9jours\u2026 , vous pouvez nous contacter par l&rsquo;interm\u00e9diaire du formulaire de contact ou directement par mail \u00e0 l&rsquo;adresse suivante : <strong>contact1@jumelage-aulnoyeaymeries-quedlinburg.com<\/strong><\/p>\t\t\t\t\t\t\t\t<\/div>\n\t\t\t\t<\/div>\n\t\t\t\t\t<\/div>\n\t\t\t\t<\/div>\n\t\t\t\t<\/div>\n\t\t","protected":false},"excerpt":{"rendered":"<p>AULNOYE-AYMERIES &#8211; QUEDLINBURG Une histoire d&rsquo;amiti\u00e9 &#8230; A l\u2019initiative de Pierre Briatte, 1er adjoint au Maire, une d\u00e9l\u00e9gation officielle compos\u00e9e de Alida Ringuet, Emile Nicolas, Marc Joly, Eliva Dam\u00e9e et [&hellip;]<\/p>\n","protected":false},"author":1,"featured_media":0,"parent":0,"menu_order":0,"comment_status":"closed","ping_status":"closed","template":"","meta":{"ocean_post_layout":"","ocean_both_sidebars_style":"","ocean_both_sidebars_content_width":0,"ocean_both_sidebars_sidebars_width":0,"ocean_sidebar":"","ocean_second_sidebar":"","ocean_disable_margins":"enable","ocean_add_body_class":"","ocean_shortcode_before_top_bar":"","ocean_shortcode_after_top_bar":"","ocean_shortcode_before_header":"","ocean_shortcode_after_header":"","ocean_has_shortcode":"","ocean_shortcode_after_title":"","ocean_shortcode_before_footer_widgets":"","ocean_shortcode_after_footer_widgets":"","ocean_shortcode_before_footer_bottom":"","ocean_shortcode_after_footer_bottom":"","ocean_display_top_bar":"default","ocean_display_header":"default","ocean_header_style":"","ocean_center_header_left_menu":"","ocean_custom_header_template":"","ocean_custom_logo":0,"ocean_custom_retina_logo":0,"ocean_custom_logo_max_width":0,"ocean_custom_logo_tablet_max_width":0,"ocean_custom_logo_mobile_max_width":0,"ocean_custom_logo_max_height":0,"ocean_custom_logo_tablet_max_height":0,"ocean_custom_logo_mobile_max_height":0,"ocean_header_custom_menu":"","ocean_menu_typo_font_family":"","ocean_menu_typo_font_subset":"","ocean_menu_typo_font_size":0,"ocean_menu_typo_font_size_tablet":0,"ocean_menu_typo_font_size_mobile":0,"ocean_menu_typo_font_size_unit":"px","ocean_menu_typo_font_weight":"","ocean_menu_typo_font_weight_tablet":"","ocean_menu_typo_font_weight_mobile":"","ocean_menu_typo_transform":"","ocean_menu_typo_transform_tablet":"","ocean_menu_typo_transform_mobile":"","ocean_menu_typo_line_height":0,"ocean_menu_typo_line_height_tablet":0,"ocean_menu_typo_line_height_mobile":0,"ocean_menu_typo_line_height_unit":"","ocean_menu_typo_spacing":0,"ocean_menu_typo_spacing_tablet":0,"ocean_menu_typo_spacing_mobile":0,"ocean_menu_typo_spacing_unit":"","ocean_menu_link_color":"","ocean_menu_link_color_hover":"","ocean_menu_link_color_active":"","ocean_menu_link_background":"","ocean_menu_link_hover_background":"","ocean_menu_link_active_background":"","ocean_menu_social_links_bg":"","ocean_menu_social_hover_links_bg":"","ocean_menu_social_links_color":"","ocean_menu_social_hover_links_color":"","ocean_disable_title":"default","ocean_disable_heading":"default","ocean_post_title":"","ocean_post_subheading":"","ocean_post_title_style":"","ocean_post_title_background_color":"","ocean_post_title_background":0,"ocean_post_title_bg_image_position":"","ocean_post_title_bg_image_attachment":"","ocean_post_title_bg_image_repeat":"","ocean_post_title_bg_image_size":"","ocean_post_title_height":0,"ocean_post_title_bg_overlay":0.5,"ocean_post_title_bg_overlay_color":"","ocean_disable_breadcrumbs":"default","ocean_breadcrumbs_color":"","ocean_breadcrumbs_separator_color":"","ocean_breadcrumbs_links_color":"","ocean_breadcrumbs_links_hover_color":"","ocean_display_footer_widgets":"default","ocean_display_footer_bottom":"default","ocean_custom_footer_template":"","footnotes":""},"class_list":["post-41","page","type-page","status-publish","hentry","entry"],"yoast_head":"<!-- This site is optimized with the Yoast SEO plugin v27.5 - https:\/\/yoast.com\/product\/yoast-seo-wordpress\/ -->\n<title>Nous d\u00e9couvrir - Comit\u00e9 de Jumelage Aulnoye-Aymeries Quedlinburg<\/title>\n<meta name=\"robots\" content=\"index, follow, max-snippet:-1, max-image-preview:large, max-video-preview:-1\" \/>\n<link rel=\"canonical\" href=\"https:\/\/jumelage-aulnoyeaymeries-quedlinburg.com\/?page_id=41\" \/>\n<meta property=\"og:locale\" content=\"fr_FR\" \/>\n<meta property=\"og:type\" content=\"article\" \/>\n<meta property=\"og:title\" content=\"Nous d\u00e9couvrir - Comit\u00e9 de Jumelage Aulnoye-Aymeries Quedlinburg\" \/>\n<meta property=\"og:description\" content=\"AULNOYE-AYMERIES &#8211; QUEDLINBURG Une histoire d&rsquo;amiti\u00e9 &#8230; A l\u2019initiative de Pierre Briatte, 1er adjoint au Maire, une d\u00e9l\u00e9gation officielle compos\u00e9e de Alida Ringuet, Emile Nicolas, Marc Joly, Eliva Dam\u00e9e et [&hellip;]\" \/>\n<meta property=\"og:url\" content=\"https:\/\/jumelage-aulnoyeaymeries-quedlinburg.com\/?page_id=41\" \/>\n<meta property=\"og:site_name\" content=\"Comit\u00e9 de Jumelage Aulnoye-Aymeries Quedlinburg\" \/>\n<meta property=\"article:modified_time\" content=\"2025-01-20T08:39:29+00:00\" \/>\n<meta name=\"twitter:card\" content=\"summary_large_image\" \/>\n<meta name=\"twitter:label1\" content=\"Dur\u00e9e de lecture estim\u00e9e\" \/>\n\t<meta name=\"twitter:data1\" content=\"2 minutes\" \/>\n<script type=\"application\/ld+json\" class=\"yoast-schema-graph\">{\"@context\":\"https:\\\/\\\/schema.org\",\"@graph\":[{\"@type\":\"WebPage\",\"@id\":\"https:\\\/\\\/jumelage-aulnoyeaymeries-quedlinburg.com\\\/?page_id=41\",\"url\":\"https:\\\/\\\/jumelage-aulnoyeaymeries-quedlinburg.com\\\/?page_id=41\",\"name\":\"Nous d\u00e9couvrir - Comit\u00e9 de Jumelage Aulnoye-Aymeries Quedlinburg\",\"isPartOf\":{\"@id\":\"https:\\\/\\\/jumelage-aulnoyeaymeries-quedlinburg.com\\\/#website\"},\"datePublished\":\"2024-11-25T15:45:08+00:00\",\"dateModified\":\"2025-01-20T08:39:29+00:00\",\"breadcrumb\":{\"@id\":\"https:\\\/\\\/jumelage-aulnoyeaymeries-quedlinburg.com\\\/?page_id=41#breadcrumb\"},\"inLanguage\":\"fr-FR\",\"potentialAction\":[{\"@type\":\"ReadAction\",\"target\":[\"https:\\\/\\\/jumelage-aulnoyeaymeries-quedlinburg.com\\\/?page_id=41\"]}]},{\"@type\":\"BreadcrumbList\",\"@id\":\"https:\\\/\\\/jumelage-aulnoyeaymeries-quedlinburg.com\\\/?page_id=41#breadcrumb\",\"itemListElement\":[{\"@type\":\"ListItem\",\"position\":1,\"name\":\"Accueil\",\"item\":\"https:\\\/\\\/jumelage-aulnoyeaymeries-quedlinburg.com\\\/\"},{\"@type\":\"ListItem\",\"position\":2,\"name\":\"Nous d\u00e9couvrir\"}]},{\"@type\":\"WebSite\",\"@id\":\"https:\\\/\\\/jumelage-aulnoyeaymeries-quedlinburg.com\\\/#website\",\"url\":\"https:\\\/\\\/jumelage-aulnoyeaymeries-quedlinburg.com\\\/\",\"name\":\"Comit\u00e9 de Jumelage Aulnoye-Aymeries Quedlinburg\",\"description\":\"\",\"publisher\":{\"@id\":\"https:\\\/\\\/jumelage-aulnoyeaymeries-quedlinburg.com\\\/#organization\"},\"potentialAction\":[{\"@type\":\"SearchAction\",\"target\":{\"@type\":\"EntryPoint\",\"urlTemplate\":\"https:\\\/\\\/jumelage-aulnoyeaymeries-quedlinburg.com\\\/?s={search_term_string}\"},\"query-input\":{\"@type\":\"PropertyValueSpecification\",\"valueRequired\":true,\"valueName\":\"search_term_string\"}}],\"inLanguage\":\"fr-FR\"},{\"@type\":\"Organization\",\"@id\":\"https:\\\/\\\/jumelage-aulnoyeaymeries-quedlinburg.com\\\/#organization\",\"name\":\"Comit\u00e9 de Jumelage Aulnoye-Aymeries Quedlinburg\",\"url\":\"https:\\\/\\\/jumelage-aulnoyeaymeries-quedlinburg.com\\\/\",\"logo\":{\"@type\":\"ImageObject\",\"inLanguage\":\"fr-FR\",\"@id\":\"https:\\\/\\\/jumelage-aulnoyeaymeries-quedlinburg.com\\\/#\\\/schema\\\/logo\\\/image\\\/\",\"url\":\"https:\\\/\\\/jumelage-aulnoyeaymeries-quedlinburg.com\\\/wp-content\\\/uploads\\\/2025\\\/01\\\/favicon-196.png\",\"contentUrl\":\"https:\\\/\\\/jumelage-aulnoyeaymeries-quedlinburg.com\\\/wp-content\\\/uploads\\\/2025\\\/01\\\/favicon-196.png\",\"width\":196,\"height\":196,\"caption\":\"Comit\u00e9 de Jumelage Aulnoye-Aymeries Quedlinburg\"},\"image\":{\"@id\":\"https:\\\/\\\/jumelage-aulnoyeaymeries-quedlinburg.com\\\/#\\\/schema\\\/logo\\\/image\\\/\"}}]}<\/script>\n<!-- \/ Yoast SEO plugin. -->","yoast_head_json":{"title":"Nous d\u00e9couvrir - Comit\u00e9 de Jumelage Aulnoye-Aymeries Quedlinburg","robots":{"index":"index","follow":"follow","max-snippet":"max-snippet:-1","max-image-preview":"max-image-preview:large","max-video-preview":"max-video-preview:-1"},"canonical":"https:\/\/jumelage-aulnoyeaymeries-quedlinburg.com\/?page_id=41","og_locale":"fr_FR","og_type":"article","og_title":"Nous d\u00e9couvrir - Comit\u00e9 de Jumelage Aulnoye-Aymeries Quedlinburg","og_description":"AULNOYE-AYMERIES &#8211; QUEDLINBURG Une histoire d&rsquo;amiti\u00e9 &#8230; A l\u2019initiative de Pierre Briatte, 1er adjoint au Maire, une d\u00e9l\u00e9gation officielle compos\u00e9e de Alida Ringuet, Emile Nicolas, Marc Joly, Eliva Dam\u00e9e et [&hellip;]","og_url":"https:\/\/jumelage-aulnoyeaymeries-quedlinburg.com\/?page_id=41","og_site_name":"Comit\u00e9 de Jumelage Aulnoye-Aymeries Quedlinburg","article_modified_time":"2025-01-20T08:39:29+00:00","twitter_card":"summary_large_image","twitter_misc":{"Dur\u00e9e de lecture estim\u00e9e":"2 minutes"},"schema":{"@context":"https:\/\/schema.org","@graph":[{"@type":"WebPage","@id":"https:\/\/jumelage-aulnoyeaymeries-quedlinburg.com\/?page_id=41","url":"https:\/\/jumelage-aulnoyeaymeries-quedlinburg.com\/?page_id=41","name":"Nous d\u00e9couvrir - Comit\u00e9 de Jumelage Aulnoye-Aymeries Quedlinburg","isPartOf":{"@id":"https:\/\/jumelage-aulnoyeaymeries-quedlinburg.com\/#website"},"datePublished":"2024-11-25T15:45:08+00:00","dateModified":"2025-01-20T08:39:29+00:00","breadcrumb":{"@id":"https:\/\/jumelage-aulnoyeaymeries-quedlinburg.com\/?page_id=41#breadcrumb"},"inLanguage":"fr-FR","potentialAction":[{"@type":"ReadAction","target":["https:\/\/jumelage-aulnoyeaymeries-quedlinburg.com\/?page_id=41"]}]},{"@type":"BreadcrumbList","@id":"https:\/\/jumelage-aulnoyeaymeries-quedlinburg.com\/?page_id=41#breadcrumb","itemListElement":[{"@type":"ListItem","position":1,"name":"Accueil","item":"https:\/\/jumelage-aulnoyeaymeries-quedlinburg.com\/"},{"@type":"ListItem","position":2,"name":"Nous d\u00e9couvrir"}]},{"@type":"WebSite","@id":"https:\/\/jumelage-aulnoyeaymeries-quedlinburg.com\/#website","url":"https:\/\/jumelage-aulnoyeaymeries-quedlinburg.com\/","name":"Comit\u00e9 de Jumelage Aulnoye-Aymeries Quedlinburg","description":"","publisher":{"@id":"https:\/\/jumelage-aulnoyeaymeries-quedlinburg.com\/#organization"},"potentialAction":[{"@type":"SearchAction","target":{"@type":"EntryPoint","urlTemplate":"https:\/\/jumelage-aulnoyeaymeries-quedlinburg.com\/?s={search_term_string}"},"query-input":{"@type":"PropertyValueSpecification","valueRequired":true,"valueName":"search_term_string"}}],"inLanguage":"fr-FR"},{"@type":"Organization","@id":"https:\/\/jumelage-aulnoyeaymeries-quedlinburg.com\/#organization","name":"Comit\u00e9 de Jumelage Aulnoye-Aymeries Quedlinburg","url":"https:\/\/jumelage-aulnoyeaymeries-quedlinburg.com\/","logo":{"@type":"ImageObject","inLanguage":"fr-FR","@id":"https:\/\/jumelage-aulnoyeaymeries-quedlinburg.com\/#\/schema\/logo\/image\/","url":"https:\/\/jumelage-aulnoyeaymeries-quedlinburg.com\/wp-content\/uploads\/2025\/01\/favicon-196.png","contentUrl":"https:\/\/jumelage-aulnoyeaymeries-quedlinburg.com\/wp-content\/uploads\/2025\/01\/favicon-196.png","width":196,"height":196,"caption":"Comit\u00e9 de Jumelage Aulnoye-Aymeries Quedlinburg"},"image":{"@id":"https:\/\/jumelage-aulnoyeaymeries-quedlinburg.com\/#\/schema\/logo\/image\/"}}]}},"_links":{"self":[{"href":"https:\/\/jumelage-aulnoyeaymeries-quedlinburg.com\/index.php?rest_route=\/wp\/v2\/pages\/41","targetHints":{"allow":["GET"]}}],"collection":[{"href":"https:\/\/jumelage-aulnoyeaymeries-quedlinburg.com\/index.php?rest_route=\/wp\/v2\/pages"}],"about":[{"href":"https:\/\/jumelage-aulnoyeaymeries-quedlinburg.com\/index.php?rest_route=\/wp\/v2\/types\/page"}],"author":[{"embeddable":true,"href":"https:\/\/jumelage-aulnoyeaymeries-quedlinburg.com\/index.php?rest_route=\/wp\/v2\/users\/1"}],"replies":[{"embeddable":true,"href":"https:\/\/jumelage-aulnoyeaymeries-quedlinburg.com\/index.php?rest_route=%2Fwp%2Fv2%2Fcomments&post=41"}],"version-history":[{"count":34,"href":"https:\/\/jumelage-aulnoyeaymeries-quedlinburg.com\/index.php?rest_route=\/wp\/v2\/pages\/41\/revisions"}],"predecessor-version":[{"id":846,"href":"https:\/\/jumelage-aulnoyeaymeries-quedlinburg.com\/index.php?rest_route=\/wp\/v2\/pages\/41\/revisions\/846"}],"wp:attachment":[{"href":"https:\/\/jumelage-aulnoyeaymeries-quedlinburg.com\/index.php?rest_route=%2Fwp%2Fv2%2Fmedia&parent=41"}],"curies":[{"name":"wp","href":"https:\/\/api.w.org\/{rel}","templated":true}]}}