{"id":49,"date":"2024-11-25T16:47:58","date_gmt":"2024-11-25T15:47:58","guid":{"rendered":"http:\/\/localhost\/wordpress%20-%20jumelage\/?page_id=49"},"modified":"2024-11-25T16:47:58","modified_gmt":"2024-11-25T15:47:58","slug":"mentions-legales","status":"publish","type":"page","link":"https:\/\/jumelage-aulnoyeaymeries-quedlinburg.com\/?page_id=49","title":{"rendered":"Mentions l\u00e9gales"},"content":{"rendered":"\t\t<div data-elementor-type=\"wp-page\" data-elementor-id=\"49\" class=\"elementor elementor-49\">\n\t\t\t\t<div class=\"elementor-element elementor-element-bb3d6c6 e-flex e-con-boxed e-con e-parent\" data-id=\"bb3d6c6\" data-element_type=\"container\" data-e-type=\"container\">\n\t\t\t\t\t<div class=\"e-con-inner\">\n\t\t\t\t<div class=\"elementor-element elementor-element-1c8d0a3 elementor-widget elementor-widget-text-editor\" data-id=\"1c8d0a3\" data-element_type=\"widget\" data-e-type=\"widget\" data-widget_type=\"text-editor.default\">\n\t\t\t\t<div class=\"elementor-widget-container\">\n\t\t\t\t\t\t\t\t\t<p>\u2022\u00a0<b>Droit \u00e0 l&rsquo;image<\/b>\u00a0<br \/>Toute personne reconnaissable sur une photo publi\u00e9e sur ce site, b\u00e9n\u00e9ficie du droit \u00e0 l&rsquo;image, c&rsquo;est \u00e0 dire qu&rsquo;elle peut demander le retrait de cette photo si elle ne veut pas appara\u00eetre sur le site et que la photo a \u00e9t\u00e9 publi\u00e9e sans son autorisation.\u00a0<br \/>Vous envoyez un message \u00e0\u00a0contact1@jumelage-aulnoyeaymeries-quedlinburg.com\u00a0en nous indiquant vos coordonn\u00e9es (Nom Pr\u00e9nom, t\u00e9l\u00e9phone adresse e-mail) et vous nous r\u00e9f\u00e9rencez tr\u00e8s exactement la (ou les) photo(s) concern\u00e9e(s). D\u00e8s r\u00e9ception du message, nous retirerons la (ou les) photo(s) concern\u00e9e(s) de notre site.\u00a0<br \/>\u2022<b>\u00a0Propri\u00e9t\u00e9 intellectuelle.\u00a0<\/b><br \/>Le site officiel du comit\u00e9 de jumelage Aulnoye-Aymeries Quedlinburg, actuellement en phase de construction, est r\u00e9alis\u00e9 par la collaboration \u00a0des membres de l&rsquo;association, sous la responsabilit\u00e9 du Pr\u00e9sident du comit\u00e9, avec le support technique (\u00e0 venir)<br \/>Ces pages de site Internet sont une oeuvre prot\u00e9g\u00e9e en France par le Code de Propri\u00e9t\u00e9 Intellectuelle, et \u00e0 l\u2019\u00e9tranger par les conventions internationales en vigueur sur le droit d\u2019auteur. La violation de l\u2019un des droits d\u2019auteur de l\u2019oeuvre est un d\u00e9lit de contrefa\u00e7on.\u00a0<br \/>\u2022\u00a0<b>Copyright :<\/b>\u00a0<br \/>Tous droits r\u00e9serv\u00e9s.\u00a0<br \/>Toutes les pages du site du comit\u00e9 de jumelage Aulnoye-Aymeries Quedlinburg sont prot\u00e9g\u00e9es.\u00a0<br \/>Tous droits de reproduction et de diffusion r\u00e9serv\u00e9s.\u00a0<br \/>H\u00e9bergement, moyens techniques :\u00a0<br \/>\u2022\u00a0<b>Mention CNIL<\/b>\u00a0<br \/>Vous disposez d\u2019un droit d\u2019acc\u00e8s, de rectification, d\u2019opposition et de suppression des donn\u00e9es qui vous concernent. Pour l\u2019exercer, vous pourrez cliquer sur le lien e-mail ci dessus ou nous contacter par courrier \u00e0 :\u00a0<br \/><b>Comit\u00e9 de Jumelage Aulnoye-Aymeries Quedlinburg Centre Administratif 59620 AULNOYE-AYMERIES<\/b><\/p>\t\t\t\t\t\t\t\t<\/div>\n\t\t\t\t<\/div>\n\t\t\t\t\t<\/div>\n\t\t\t\t<\/div>\n\t\t\t\t<\/div>\n\t\t","protected":false},"excerpt":{"rendered":"<p>\u2022\u00a0Droit \u00e0 l&rsquo;image\u00a0Toute personne reconnaissable sur une photo publi\u00e9e sur ce site, b\u00e9n\u00e9ficie du droit \u00e0 l&rsquo;image, c&rsquo;est \u00e0 dire qu&rsquo;elle peut demander le retrait de cette photo si elle [&hellip;]<\/p>\n","protected":false},"author":1,"featured_media":0,"parent":0,"menu_order":0,"comment_status":"closed","ping_status":"closed","template":"","meta":{"ocean_post_layout":"","ocean_both_sidebars_style":"","ocean_both_sidebars_content_width":0,"ocean_both_sidebars_sidebars_width":0,"ocean_sidebar":"","ocean_second_sidebar":"","ocean_disable_margins":"enable","ocean_add_body_class":"","ocean_shortcode_before_top_bar":"","ocean_shortcode_after_top_bar":"","ocean_shortcode_before_header":"","ocean_shortcode_after_header":"","ocean_has_shortcode":"","ocean_shortcode_after_title":"","ocean_shortcode_before_footer_widgets":"","ocean_shortcode_after_footer_widgets":"","ocean_shortcode_before_footer_bottom":"","ocean_shortcode_after_footer_bottom":"","ocean_display_top_bar":"default","ocean_display_header":"default","ocean_header_style":"","ocean_center_header_left_menu":"","ocean_custom_header_template":"","ocean_custom_logo":0,"ocean_custom_retina_logo":0,"ocean_custom_logo_max_width":0,"ocean_custom_logo_tablet_max_width":0,"ocean_custom_logo_mobile_max_width":0,"ocean_custom_logo_max_height":0,"ocean_custom_logo_tablet_max_height":0,"ocean_custom_logo_mobile_max_height":0,"ocean_header_custom_menu":"","ocean_menu_typo_font_family":"","ocean_menu_typo_font_subset":"","ocean_menu_typo_font_size":0,"ocean_menu_typo_font_size_tablet":0,"ocean_menu_typo_font_size_mobile":0,"ocean_menu_typo_font_size_unit":"px","ocean_menu_typo_font_weight":"","ocean_menu_typo_font_weight_tablet":"","ocean_menu_typo_font_weight_mobile":"","ocean_menu_typo_transform":"","ocean_menu_typo_transform_tablet":"","ocean_menu_typo_transform_mobile":"","ocean_menu_typo_line_height":0,"ocean_menu_typo_line_height_tablet":0,"ocean_menu_typo_line_height_mobile":0,"ocean_menu_typo_line_height_unit":"","ocean_menu_typo_spacing":0,"ocean_menu_typo_spacing_tablet":0,"ocean_menu_typo_spacing_mobile":0,"ocean_menu_typo_spacing_unit":"","ocean_menu_link_color":"","ocean_menu_link_color_hover":"","ocean_menu_link_color_active":"","ocean_menu_link_background":"","ocean_menu_link_hover_background":"","ocean_menu_link_active_background":"","ocean_menu_social_links_bg":"","ocean_menu_social_hover_links_bg":"","ocean_menu_social_links_color":"","ocean_menu_social_hover_links_color":"","ocean_disable_title":"default","ocean_disable_heading":"default","ocean_post_title":"","ocean_post_subheading":"","ocean_post_title_style":"","ocean_post_title_background_color":"","ocean_post_title_background":0,"ocean_post_title_bg_image_position":"","ocean_post_title_bg_image_attachment":"","ocean_post_title_bg_image_repeat":"","ocean_post_title_bg_image_size":"","ocean_post_title_height":0,"ocean_post_title_bg_overlay":0.5,"ocean_post_title_bg_overlay_color":"","ocean_disable_breadcrumbs":"default","ocean_breadcrumbs_color":"","ocean_breadcrumbs_separator_color":"","ocean_breadcrumbs_links_color":"","ocean_breadcrumbs_links_hover_color":"","ocean_display_footer_widgets":"default","ocean_display_footer_bottom":"default","ocean_custom_footer_template":"","footnotes":""},"class_list":["post-49","page","type-page","status-publish","hentry","entry"],"yoast_head":"<!-- This site is optimized with the Yoast SEO plugin v27.5 - https:\/\/yoast.com\/product\/yoast-seo-wordpress\/ -->\n<title>Mentions l\u00e9gales - Comit\u00e9 de Jumelage Aulnoye-Aymeries Quedlinburg<\/title>\n<meta name=\"robots\" content=\"index, follow, max-snippet:-1, max-image-preview:large, max-video-preview:-1\" \/>\n<link rel=\"canonical\" href=\"https:\/\/jumelage-aulnoyeaymeries-quedlinburg.com\/?page_id=49\" \/>\n<meta property=\"og:locale\" content=\"fr_FR\" \/>\n<meta property=\"og:type\" content=\"article\" \/>\n<meta property=\"og:title\" content=\"Mentions l\u00e9gales - Comit\u00e9 de Jumelage Aulnoye-Aymeries Quedlinburg\" \/>\n<meta property=\"og:description\" content=\"\u2022\u00a0Droit \u00e0 l&rsquo;image\u00a0Toute personne reconnaissable sur une photo publi\u00e9e sur ce site, b\u00e9n\u00e9ficie du droit \u00e0 l&rsquo;image, c&rsquo;est \u00e0 dire qu&rsquo;elle peut demander le retrait de cette photo si elle [&hellip;]\" \/>\n<meta property=\"og:url\" content=\"https:\/\/jumelage-aulnoyeaymeries-quedlinburg.com\/?page_id=49\" \/>\n<meta property=\"og:site_name\" content=\"Comit\u00e9 de Jumelage Aulnoye-Aymeries Quedlinburg\" \/>\n<meta name=\"twitter:card\" content=\"summary_large_image\" \/>\n<meta name=\"twitter:label1\" content=\"Dur\u00e9e de lecture estim\u00e9e\" \/>\n\t<meta name=\"twitter:data1\" content=\"2 minutes\" \/>\n<script type=\"application\/ld+json\" class=\"yoast-schema-graph\">{\"@context\":\"https:\\\/\\\/schema.org\",\"@graph\":[{\"@type\":\"WebPage\",\"@id\":\"https:\\\/\\\/jumelage-aulnoyeaymeries-quedlinburg.com\\\/?page_id=49\",\"url\":\"https:\\\/\\\/jumelage-aulnoyeaymeries-quedlinburg.com\\\/?page_id=49\",\"name\":\"Mentions l\u00e9gales - Comit\u00e9 de Jumelage Aulnoye-Aymeries Quedlinburg\",\"isPartOf\":{\"@id\":\"https:\\\/\\\/jumelage-aulnoyeaymeries-quedlinburg.com\\\/#website\"},\"datePublished\":\"2024-11-25T15:47:58+00:00\",\"breadcrumb\":{\"@id\":\"https:\\\/\\\/jumelage-aulnoyeaymeries-quedlinburg.com\\\/?page_id=49#breadcrumb\"},\"inLanguage\":\"fr-FR\",\"potentialAction\":[{\"@type\":\"ReadAction\",\"target\":[\"https:\\\/\\\/jumelage-aulnoyeaymeries-quedlinburg.com\\\/?page_id=49\"]}]},{\"@type\":\"BreadcrumbList\",\"@id\":\"https:\\\/\\\/jumelage-aulnoyeaymeries-quedlinburg.com\\\/?page_id=49#breadcrumb\",\"itemListElement\":[{\"@type\":\"ListItem\",\"position\":1,\"name\":\"Accueil\",\"item\":\"https:\\\/\\\/jumelage-aulnoyeaymeries-quedlinburg.com\\\/\"},{\"@type\":\"ListItem\",\"position\":2,\"name\":\"Mentions l\u00e9gales\"}]},{\"@type\":\"WebSite\",\"@id\":\"https:\\\/\\\/jumelage-aulnoyeaymeries-quedlinburg.com\\\/#website\",\"url\":\"https:\\\/\\\/jumelage-aulnoyeaymeries-quedlinburg.com\\\/\",\"name\":\"Comit\u00e9 de Jumelage Aulnoye-Aymeries Quedlinburg\",\"description\":\"\",\"publisher\":{\"@id\":\"https:\\\/\\\/jumelage-aulnoyeaymeries-quedlinburg.com\\\/#organization\"},\"potentialAction\":[{\"@type\":\"SearchAction\",\"target\":{\"@type\":\"EntryPoint\",\"urlTemplate\":\"https:\\\/\\\/jumelage-aulnoyeaymeries-quedlinburg.com\\\/?s={search_term_string}\"},\"query-input\":{\"@type\":\"PropertyValueSpecification\",\"valueRequired\":true,\"valueName\":\"search_term_string\"}}],\"inLanguage\":\"fr-FR\"},{\"@type\":\"Organization\",\"@id\":\"https:\\\/\\\/jumelage-aulnoyeaymeries-quedlinburg.com\\\/#organization\",\"name\":\"Comit\u00e9 de Jumelage Aulnoye-Aymeries Quedlinburg\",\"url\":\"https:\\\/\\\/jumelage-aulnoyeaymeries-quedlinburg.com\\\/\",\"logo\":{\"@type\":\"ImageObject\",\"inLanguage\":\"fr-FR\",\"@id\":\"https:\\\/\\\/jumelage-aulnoyeaymeries-quedlinburg.com\\\/#\\\/schema\\\/logo\\\/image\\\/\",\"url\":\"https:\\\/\\\/jumelage-aulnoyeaymeries-quedlinburg.com\\\/wp-content\\\/uploads\\\/2025\\\/01\\\/favicon-196.png\",\"contentUrl\":\"https:\\\/\\\/jumelage-aulnoyeaymeries-quedlinburg.com\\\/wp-content\\\/uploads\\\/2025\\\/01\\\/favicon-196.png\",\"width\":196,\"height\":196,\"caption\":\"Comit\u00e9 de Jumelage Aulnoye-Aymeries Quedlinburg\"},\"image\":{\"@id\":\"https:\\\/\\\/jumelage-aulnoyeaymeries-quedlinburg.com\\\/#\\\/schema\\\/logo\\\/image\\\/\"}}]}<\/script>\n<!-- \/ Yoast SEO plugin. -->","yoast_head_json":{"title":"Mentions l\u00e9gales - Comit\u00e9 de Jumelage Aulnoye-Aymeries Quedlinburg","robots":{"index":"index","follow":"follow","max-snippet":"max-snippet:-1","max-image-preview":"max-image-preview:large","max-video-preview":"max-video-preview:-1"},"canonical":"https:\/\/jumelage-aulnoyeaymeries-quedlinburg.com\/?page_id=49","og_locale":"fr_FR","og_type":"article","og_title":"Mentions l\u00e9gales - Comit\u00e9 de Jumelage Aulnoye-Aymeries Quedlinburg","og_description":"\u2022\u00a0Droit \u00e0 l&rsquo;image\u00a0Toute personne reconnaissable sur une photo publi\u00e9e sur ce site, b\u00e9n\u00e9ficie du droit \u00e0 l&rsquo;image, c&rsquo;est \u00e0 dire qu&rsquo;elle peut demander le retrait de cette photo si elle [&hellip;]","og_url":"https:\/\/jumelage-aulnoyeaymeries-quedlinburg.com\/?page_id=49","og_site_name":"Comit\u00e9 de Jumelage Aulnoye-Aymeries Quedlinburg","twitter_card":"summary_large_image","twitter_misc":{"Dur\u00e9e de lecture estim\u00e9e":"2 minutes"},"schema":{"@context":"https:\/\/schema.org","@graph":[{"@type":"WebPage","@id":"https:\/\/jumelage-aulnoyeaymeries-quedlinburg.com\/?page_id=49","url":"https:\/\/jumelage-aulnoyeaymeries-quedlinburg.com\/?page_id=49","name":"Mentions l\u00e9gales - Comit\u00e9 de Jumelage Aulnoye-Aymeries Quedlinburg","isPartOf":{"@id":"https:\/\/jumelage-aulnoyeaymeries-quedlinburg.com\/#website"},"datePublished":"2024-11-25T15:47:58+00:00","breadcrumb":{"@id":"https:\/\/jumelage-aulnoyeaymeries-quedlinburg.com\/?page_id=49#breadcrumb"},"inLanguage":"fr-FR","potentialAction":[{"@type":"ReadAction","target":["https:\/\/jumelage-aulnoyeaymeries-quedlinburg.com\/?page_id=49"]}]},{"@type":"BreadcrumbList","@id":"https:\/\/jumelage-aulnoyeaymeries-quedlinburg.com\/?page_id=49#breadcrumb","itemListElement":[{"@type":"ListItem","position":1,"name":"Accueil","item":"https:\/\/jumelage-aulnoyeaymeries-quedlinburg.com\/"},{"@type":"ListItem","position":2,"name":"Mentions l\u00e9gales"}]},{"@type":"WebSite","@id":"https:\/\/jumelage-aulnoyeaymeries-quedlinburg.com\/#website","url":"https:\/\/jumelage-aulnoyeaymeries-quedlinburg.com\/","name":"Comit\u00e9 de Jumelage Aulnoye-Aymeries Quedlinburg","description":"","publisher":{"@id":"https:\/\/jumelage-aulnoyeaymeries-quedlinburg.com\/#organization"},"potentialAction":[{"@type":"SearchAction","target":{"@type":"EntryPoint","urlTemplate":"https:\/\/jumelage-aulnoyeaymeries-quedlinburg.com\/?s={search_term_string}"},"query-input":{"@type":"PropertyValueSpecification","valueRequired":true,"valueName":"search_term_string"}}],"inLanguage":"fr-FR"},{"@type":"Organization","@id":"https:\/\/jumelage-aulnoyeaymeries-quedlinburg.com\/#organization","name":"Comit\u00e9 de Jumelage Aulnoye-Aymeries Quedlinburg","url":"https:\/\/jumelage-aulnoyeaymeries-quedlinburg.com\/","logo":{"@type":"ImageObject","inLanguage":"fr-FR","@id":"https:\/\/jumelage-aulnoyeaymeries-quedlinburg.com\/#\/schema\/logo\/image\/","url":"https:\/\/jumelage-aulnoyeaymeries-quedlinburg.com\/wp-content\/uploads\/2025\/01\/favicon-196.png","contentUrl":"https:\/\/jumelage-aulnoyeaymeries-quedlinburg.com\/wp-content\/uploads\/2025\/01\/favicon-196.png","width":196,"height":196,"caption":"Comit\u00e9 de Jumelage Aulnoye-Aymeries Quedlinburg"},"image":{"@id":"https:\/\/jumelage-aulnoyeaymeries-quedlinburg.com\/#\/schema\/logo\/image\/"}}]}},"_links":{"self":[{"href":"https:\/\/jumelage-aulnoyeaymeries-quedlinburg.com\/index.php?rest_route=\/wp\/v2\/pages\/49","targetHints":{"allow":["GET"]}}],"collection":[{"href":"https:\/\/jumelage-aulnoyeaymeries-quedlinburg.com\/index.php?rest_route=\/wp\/v2\/pages"}],"about":[{"href":"https:\/\/jumelage-aulnoyeaymeries-quedlinburg.com\/index.php?rest_route=\/wp\/v2\/types\/page"}],"author":[{"embeddable":true,"href":"https:\/\/jumelage-aulnoyeaymeries-quedlinburg.com\/index.php?rest_route=\/wp\/v2\/users\/1"}],"replies":[{"embeddable":true,"href":"https:\/\/jumelage-aulnoyeaymeries-quedlinburg.com\/index.php?rest_route=%2Fwp%2Fv2%2Fcomments&post=49"}],"version-history":[{"count":0,"href":"https:\/\/jumelage-aulnoyeaymeries-quedlinburg.com\/index.php?rest_route=\/wp\/v2\/pages\/49\/revisions"}],"wp:attachment":[{"href":"https:\/\/jumelage-aulnoyeaymeries-quedlinburg.com\/index.php?rest_route=%2Fwp%2Fv2%2Fmedia&parent=49"}],"curies":[{"name":"wp","href":"https:\/\/api.w.org\/{rel}","templated":true}]}}